{"id":63,"date":"2024-10-30T16:53:07","date_gmt":"2024-10-30T15:53:07","guid":{"rendered":"http:\/\/leslocales.fr\/?page_id=63"},"modified":"2024-10-30T20:48:27","modified_gmt":"2024-10-30T19:48:27","slug":"education-aux-medias-et-a-linformation","status":"publish","type":"page","link":"https:\/\/leslocales.fr\/index.php\/education-aux-medias-et-a-linformation\/","title":{"rendered":"Education aux m\u00e9dias et \u00e0 l&rsquo;information"},"content":{"rendered":"\n<p>Dans la continuit\u00e9 du travail men\u00e9 par le <a href=\"https:\/\/www.snrl.fr\/Le-Guide-Prox-EMI-te-est-disponible_a467.html\" data-type=\"link\" data-id=\"https:\/\/www.snrl.fr\/Le-Guide-Prox-EMI-te-est-disponible_a467.html\">SNRL avec le guide PROX-EMI-TE<\/a>, le SNRL et la CNRA dans le cadre du partenariat Les Locales ont men\u00e9 un travail commun. <\/p>\n\n\n\n<p>Ce travail a consist\u00e9 en une <strong>grande enqu\u00eate aupr\u00e8s des radios associatives<\/strong> pour mieux conna\u00eetre leurs actions en termes d&rsquo;\u00e9ducation aux m\u00e9dias et \u00e0 l&rsquo;information. <\/p>\n\n\n\n<p><strong>Premiers r\u00e9sultats :<\/strong> <\/p>\n\n\n\n<ul class=\"wp-block-list\">\n<li>une&nbsp;<a href=\"https:\/\/leslocales.fr\/wp-content\/uploads\/2024\/10\/SYNTHESE-DE-LETUDE-EMI-LES-LOCALES-PDF.pdf\">synth\u00e8se<\/a>&nbsp;des r\u00e9sultats de l\u2019\u00e9tude d\u2019une page (PDF)<\/li>\n\n\n\n<li><a href=\"https:\/\/leslocales.fr\/wp-content\/uploads\/2024\/10\/SYNTHESE-DE-LETUDE-EMI-LES-LOCALES-INSTA.zip\" data-type=\"link\" data-id=\"https:\/\/leslocales.fr\/wp-content\/uploads\/2024\/10\/SYNTHESE-DE-LETUDE-EMI-LES-LOCALES-INSTA.zip\">9 vignettes<\/a> reprenant les \u00e9l\u00e9ments de la synth\u00e8se<\/li>\n\n\n\n<li>une <a href=\"https:\/\/leslocales.fr\/wp-content\/uploads\/2024\/10\/SYNTHESE-DE-LETUDE-EMI-LES-LOCALES-INSTA.mp4\">vid\u00e9o<\/a> de pr\u00e9sentation des r\u00e9sultats (1min)<\/li>\n<\/ul>\n\n\n\n<figure class=\"wp-block-image size-full\"><img loading=\"lazy\" decoding=\"async\" width=\"1024\" height=\"768\" src=\"https:\/\/leslocales.fr\/wp-content\/uploads\/2024\/10\/SYNTHESE-DE-LETUDE-EMI-LES-LOCALES-PDF.png\" alt=\"\" class=\"wp-image-155\" srcset=\"https:\/\/leslocales.fr\/wp-content\/uploads\/2024\/10\/SYNTHESE-DE-LETUDE-EMI-LES-LOCALES-PDF.png 1024w, https:\/\/leslocales.fr\/wp-content\/uploads\/2024\/10\/SYNTHESE-DE-LETUDE-EMI-LES-LOCALES-PDF-300x225.png 300w, https:\/\/leslocales.fr\/wp-content\/uploads\/2024\/10\/SYNTHESE-DE-LETUDE-EMI-LES-LOCALES-PDF-768x576.png 768w\" sizes=\"auto, (max-width: 1024px) 100vw, 1024px\" \/><\/figure>\n\n\n\n<p><\/p>\n\n\n\n<p><strong>Publication compl\u00e8te \u00e0 venir prochainement<\/strong><\/p>\n\n\n\n<p><a href=\"https:\/\/leslocales.fr\/index.php\/category\/education-aux-medias-et-a-linformation\/\">Suivez les actualit\u00e9s sur l&rsquo;\u00e9ducation aux m\u00e9dias<\/a><\/p>\n\n\n\n<p><\/p>\n","protected":false},"excerpt":{"rendered":"<p>Dans la continuit\u00e9 du travail men\u00e9 par le SNRL avec le guide PROX-EMI-TE, le SNRL et la CNRA dans le<\/p>\n","protected":false},"author":1,"featured_media":0,"parent":0,"menu_order":0,"comment_status":"closed","ping_status":"closed","template":"","meta":{"colormag_page_container_layout":"default_layout","colormag_page_sidebar_layout":"default_layout","footnotes":""},"class_list":["post-63","page","type-page","status-publish","hentry"],"_links":{"self":[{"href":"https:\/\/leslocales.fr\/index.php\/wp-json\/wp\/v2\/pages\/63","targetHints":{"allow":["GET"]}}],"collection":[{"href":"https:\/\/leslocales.fr\/index.php\/wp-json\/wp\/v2\/pages"}],"about":[{"href":"https:\/\/leslocales.fr\/index.php\/wp-json\/wp\/v2\/types\/page"}],"author":[{"embeddable":true,"href":"https:\/\/leslocales.fr\/index.php\/wp-json\/wp\/v2\/users\/1"}],"replies":[{"embeddable":true,"href":"https:\/\/leslocales.fr\/index.php\/wp-json\/wp\/v2\/comments?post=63"}],"version-history":[{"count":3,"href":"https:\/\/leslocales.fr\/index.php\/wp-json\/wp\/v2\/pages\/63\/revisions"}],"predecessor-version":[{"id":160,"href":"https:\/\/leslocales.fr\/index.php\/wp-json\/wp\/v2\/pages\/63\/revisions\/160"}],"wp:attachment":[{"href":"https:\/\/leslocales.fr\/index.php\/wp-json\/wp\/v2\/media?parent=63"}],"curies":[{"name":"wp","href":"https:\/\/api.w.org\/{rel}","templated":true}]}}