{"id":40,"date":"2024-10-30T15:57:42","date_gmt":"2024-10-30T14:57:42","guid":{"rendered":"http:\/\/leslocales.fr\/?page_id=40"},"modified":"2024-10-30T16:52:09","modified_gmt":"2024-10-30T15:52:09","slug":"les-locales-union-des-representations-nationales-des-radios-associatives","status":"publish","type":"page","link":"https:\/\/leslocales.fr\/index.php\/les-locales-union-des-representations-nationales-des-radios-associatives\/","title":{"rendered":"Les Locales : union des repr\u00e9sentations nationales des radios associatives"},"content":{"rendered":"\n<figure class=\"wp-block-image aligncenter size-full is-resized\"><img decoding=\"async\" src=\"http:\/\/www.lerelaisradiodelaflammeolympique.com\/wp-content\/uploads\/2024\/02\/LOGO_LES-LOCALES.jpg\" alt=\"\" class=\"wp-image-4308\" style=\"width:301px;height:auto\"\/><\/figure>\n\n\n\n<div class=\"wp-block-columns has-white-background-color has-background is-layout-flex wp-container-core-columns-is-layout-28f84493 wp-block-columns-is-layout-flex\">\n<div class=\"wp-block-column is-vertically-aligned-center has-white-background-color has-background is-layout-flow wp-block-column-is-layout-flow\">\n<figure class=\"wp-block-image aligncenter size-large is-resized\"><a href=\"https:\/\/cnra.fr\/\"><img decoding=\"async\" src=\"http:\/\/www.lerelaisradiodelaflammeolympique.com\/wp-content\/uploads\/2021\/04\/logo-2015-CNRA-logo-blanc-1368x768-Jpeg-1024x575.jpg\" alt=\"\" class=\"wp-image-3892\" style=\"width:303px;height:auto\"\/><\/a><\/figure>\n<\/div>\n\n\n\n<div class=\"wp-block-column is-vertically-aligned-center is-layout-flow wp-block-column-is-layout-flow\">\n<figure class=\"wp-block-image aligncenter size-large is-resized\"><a href=\"https:\/\/www.snrl.fr\/\"><img decoding=\"async\" src=\"http:\/\/www.lerelaisradiodelaflammeolympique.com\/wp-content\/uploads\/2024\/02\/Logo-SNRL2014-quadri-CMJN-1024x379.jpg\" alt=\"\" class=\"wp-image-4271\" style=\"width:365px;height:auto\"\/><\/a><\/figure>\n<\/div>\n<\/div>\n\n\n\n<p><\/p>\n\n\n\n<p><em><strong>\u201cLes Locales\u201d<\/strong><\/em> aspire \u00e0 devenir un espace de dialogue et d\u2019action commune entre les deux organismes de repr\u00e9sentation patronale des radios associatives, \u00e0 \u00eatre un porte-voix commun, consolidant notre pr\u00e9sence et notre visibilit\u00e9 dans le dialogue avec les instances gouvernementales, les partenaires financiers, et l\u2019ensemble du secteur m\u00e9diatique.<\/p>\n\n\n\n<p><strong>Nos Missions<\/strong> : <\/p>\n\n\n\n<ul class=\"wp-block-list\">\n<li><strong>D\u00e9fendre et Repr\u00e9senter <\/strong>: Nous lutterons pour la  d\u00e9fense des int\u00e9r\u00eats de nos radios sur les plans des politiques sociales  et des salaires, des conventions collectives et de la formation  professionnelle.<\/li>\n\n\n\n<li><strong>Soutien Financier :<\/strong> Nous nous battrons pour un renforcement des politiques publiques de soutien au secteur  radiophonique non-lucratif, notamment via le Fonds de Soutien \u00e0  l\u2019Expression Radiophonique.<\/li>\n\n\n\n<li><strong>Optimisation des Ressources Hertziennes et Num\u00e9riques :<\/strong> Nous nous engageons \u00e0 repr\u00e9senter nos membres de mani\u00e8re proactive aupr\u00e8s de l\u2019ARCOM pour une meilleure gestion des fr\u00e9quences.<\/li>\n\n\n\n<li><strong>Culture et Diversit\u00e9 Musicale :<\/strong> Nous continuerons  de promouvoir la diversit\u00e9 culturelle, en repr\u00e9sentant les int\u00e9r\u00eats de  nos radios aupr\u00e8s des entit\u00e9s comme la SACEM ou le CNM.<\/li>\n\n\n\n<li><strong>\u00c9ducation aux M\u00e9dias :<\/strong> Nous pers\u00e9v\u00e9rons dans notre  influence sur les politiques publiques d\u2019\u00e9ducation aux m\u00e9dias et \u00e0  l\u2019information (EMI), soulignant l\u2019importance de nos m\u00e9dias dans  l\u2019accompagnement des citoyens, comme nous le faisons avec la grande  enqu\u00eate sur l\u2019EMI<\/li>\n<\/ul>\n\n\n\n<p><strong>Cette union refl\u00e8te notre d\u00e9termination commune \u00e0 avancer vers une synergie renforc\u00e9e, un impact accru et une voix plus puissante dans le dialogue national.<\/strong><\/p>\n\n\n\n<p><\/p>\n","protected":false},"excerpt":{"rendered":"<p>\u201cLes Locales\u201d aspire \u00e0 devenir un espace de dialogue et d\u2019action commune entre les deux organismes de repr\u00e9sentation patronale des<\/p>\n","protected":false},"author":1,"featured_media":0,"parent":0,"menu_order":0,"comment_status":"closed","ping_status":"closed","template":"","meta":{"colormag_page_container_layout":"default_layout","colormag_page_sidebar_layout":"default_layout","footnotes":""},"class_list":["post-40","page","type-page","status-publish","hentry"],"_links":{"self":[{"href":"https:\/\/leslocales.fr\/index.php\/wp-json\/wp\/v2\/pages\/40","targetHints":{"allow":["GET"]}}],"collection":[{"href":"https:\/\/leslocales.fr\/index.php\/wp-json\/wp\/v2\/pages"}],"about":[{"href":"https:\/\/leslocales.fr\/index.php\/wp-json\/wp\/v2\/types\/page"}],"author":[{"embeddable":true,"href":"https:\/\/leslocales.fr\/index.php\/wp-json\/wp\/v2\/users\/1"}],"replies":[{"embeddable":true,"href":"https:\/\/leslocales.fr\/index.php\/wp-json\/wp\/v2\/comments?post=40"}],"version-history":[{"count":5,"href":"https:\/\/leslocales.fr\/index.php\/wp-json\/wp\/v2\/pages\/40\/revisions"}],"predecessor-version":[{"id":62,"href":"https:\/\/leslocales.fr\/index.php\/wp-json\/wp\/v2\/pages\/40\/revisions\/62"}],"wp:attachment":[{"href":"https:\/\/leslocales.fr\/index.php\/wp-json\/wp\/v2\/media?parent=40"}],"curies":[{"name":"wp","href":"https:\/\/api.w.org\/{rel}","templated":true}]}}