{"id":35,"date":"2024-10-30T15:56:03","date_gmt":"2024-10-30T14:56:03","guid":{"rendered":"http:\/\/leslocales.fr\/?page_id=35"},"modified":"2024-10-30T20:58:37","modified_gmt":"2024-10-30T19:58:37","slug":"sujets-de-mobilisation","status":"publish","type":"page","link":"https:\/\/leslocales.fr\/index.php\/sujets-de-mobilisation\/","title":{"rendered":"Sujets de mobilisation"},"content":{"rendered":"\n<p>Les Locales, c&rsquo;est une union des repr\u00e9sentations nationales des radios associatives locales CNRA et SNRL, qui choisit en fonction des enjeux pour le secteur de se saisir de diff\u00e9rents sujets de travail et de mobilisation. <\/p>\n\n\n\n<p>L&rsquo;objectif est de parler d&rsquo;une m\u00eame voix, d\u00e8s lors que les visions sont partag\u00e9es entre les deux organisations, au profit de l&rsquo;ensemble des radios associatives locales.<\/p>\n\n\n\n<p>Les locales sont impliqu\u00e9es : <\/p>\n\n\n\n<ul class=\"wp-block-list\">\n<li>sur les <a href=\"https:\/\/leslocales.fr\/index.php\/soutien-financier-aux-radios\/\" data-type=\"page\" data-id=\"67\">financements des radios<\/a><\/li>\n\n\n\n<li>sur l&rsquo;<a href=\"https:\/\/leslocales.fr\/index.php\/education-aux-medias-et-a-linformation\/\" data-type=\"page\" data-id=\"63\">\u00e9ducation aux m\u00e9dias et \u00e0 l&rsquo;information<\/a><\/li>\n\n\n\n<li>sur les <a href=\"https:\/\/leslocales.fr\/index.php\/organisation-patronale\/\" data-type=\"page\" data-id=\"57\">questions patronales<\/a><\/li>\n\n\n\n<li>sur les <a href=\"https:\/\/leslocales.fr\/index.php\/representation-des-radios-aupres-de-larcom\/\" data-type=\"page\" data-id=\"65\">relations avec l&rsquo;ARCOM<\/a><\/li>\n<\/ul>\n\n\n\n<p>Pour chacun des sujets, retrouvez une page de synth\u00e8se de l&rsquo;action des Locales et les actualit\u00e9s li\u00e9es \u00e0 la th\u00e9matique.<\/p>\n","protected":false},"excerpt":{"rendered":"<p>Les Locales, c&rsquo;est une union des repr\u00e9sentations nationales des radios associatives locales CNRA et SNRL, qui choisit en fonction des<\/p>\n","protected":false},"author":1,"featured_media":0,"parent":0,"menu_order":0,"comment_status":"closed","ping_status":"closed","template":"","meta":{"colormag_page_container_layout":"default_layout","colormag_page_sidebar_layout":"default_layout","footnotes":""},"class_list":["post-35","page","type-page","status-publish","hentry"],"_links":{"self":[{"href":"https:\/\/leslocales.fr\/index.php\/wp-json\/wp\/v2\/pages\/35","targetHints":{"allow":["GET"]}}],"collection":[{"href":"https:\/\/leslocales.fr\/index.php\/wp-json\/wp\/v2\/pages"}],"about":[{"href":"https:\/\/leslocales.fr\/index.php\/wp-json\/wp\/v2\/types\/page"}],"author":[{"embeddable":true,"href":"https:\/\/leslocales.fr\/index.php\/wp-json\/wp\/v2\/users\/1"}],"replies":[{"embeddable":true,"href":"https:\/\/leslocales.fr\/index.php\/wp-json\/wp\/v2\/comments?post=35"}],"version-history":[{"count":2,"href":"https:\/\/leslocales.fr\/index.php\/wp-json\/wp\/v2\/pages\/35\/revisions"}],"predecessor-version":[{"id":163,"href":"https:\/\/leslocales.fr\/index.php\/wp-json\/wp\/v2\/pages\/35\/revisions\/163"}],"wp:attachment":[{"href":"https:\/\/leslocales.fr\/index.php\/wp-json\/wp\/v2\/media?parent=35"}],"curies":[{"name":"wp","href":"https:\/\/api.w.org\/{rel}","templated":true}]}}