{"id":31,"date":"2024-10-30T15:52:15","date_gmt":"2024-10-30T14:52:15","guid":{"rendered":"http:\/\/leslocales.fr\/?page_id=31"},"modified":"2024-10-30T16:46:28","modified_gmt":"2024-10-30T15:46:28","slug":"les-radios-associatives","status":"publish","type":"page","link":"https:\/\/leslocales.fr\/index.php\/les-radios-associatives\/","title":{"rendered":"Les radios associatives"},"content":{"rendered":"\n<figure class=\"wp-block-image aligncenter size-large is-resized\"><img loading=\"lazy\" decoding=\"async\" width=\"1024\" height=\"683\" src=\"https:\/\/leslocales.fr\/wp-content\/uploads\/2024\/10\/radio-4333412_1920-1024x683.jpg\" alt=\"\" class=\"wp-image-52\" style=\"width:435px;height:auto\" srcset=\"https:\/\/leslocales.fr\/wp-content\/uploads\/2024\/10\/radio-4333412_1920-1024x683.jpg 1024w, https:\/\/leslocales.fr\/wp-content\/uploads\/2024\/10\/radio-4333412_1920-300x200.jpg 300w, https:\/\/leslocales.fr\/wp-content\/uploads\/2024\/10\/radio-4333412_1920-768x512.jpg 768w, https:\/\/leslocales.fr\/wp-content\/uploads\/2024\/10\/radio-4333412_1920-1536x1024.jpg 1536w, https:\/\/leslocales.fr\/wp-content\/uploads\/2024\/10\/radio-4333412_1920.jpg 1920w\" sizes=\"auto, (max-width: 1024px) 100vw, 1024px\" \/><\/figure>\n\n\n\n<p>Une radio associative est une station de radio \u00e0 but non lucratif, r\u00e9gie par la loi de 1901.<\/p>\n\n\n\n<p>Leur statut est fix\u00e9 en France par la loi relative \u00e0 la libert\u00e9 de communication, dite loi L\u00e9otard, qui leur permet l&rsquo;attribution d&rsquo;une part significative des fr\u00e9quences et un financement public : le FSER (Fonds de Soutien \u00e0 l&rsquo;Expression Radiophonique). <\/p>\n\n\n\n<p>Elles sont aussi autoris\u00e9es \u00e0 diffuser de la publicit\u00e9, jusqu&rsquo;\u00e0 hauteur de 20 % de leur budget, mais un certain nombre de stations, attach\u00e9es \u00e0 leur totale ind\u00e9pendance \u00e9ditoriale, refusent cependant d&#8217;employer cette ressource.<\/p>\n\n\n\n<p>L&rsquo;ARCOM, dans le cadre de ses appels \u00e0 candidature, attribue des fr\u00e9quences et conventionne avec les radios dites de cat\u00e9gorie \u00ab\u00a0A\u00a0\u00bb.<\/p>\n\n\n\n<p>On parle aussi, \u00e0 l&rsquo;origine, de radios libres. Elles sont plus de 750 en France o\u00f9 elles emploient pr\u00e8s de 3 000 salari\u00e9s et b\u00e9n\u00e9ficient du concours de plus de 10 000 b\u00e9n\u00e9voles. <\/p>\n\n\n\n<p>Les radios associatives exploitent plus de 1430 fr\u00e9quences FM et et 297 places DAB+.<\/p>\n\n\n\n<p>Les radios associatives sont repr\u00e9sent\u00e9es par 2 organisations professionnelles : le Syndicat National des Radios Libres (SNRL) et la Conf\u00e9d\u00e9ration Nationale des Radios Associatives (CNRA), rassembl\u00e9es dans <a href=\"https:\/\/leslocales.fr\/index.php\/les-locales-union-des-representations-nationales-des-radios-associatives\/\" data-type=\"page\" data-id=\"40\">Les locales<\/a>.<\/p>\n\n\n\n<figure class=\"wp-block-video\"><video height=\"1080\" style=\"aspect-ratio: 1080 \/ 1080;\" width=\"1080\" controls src=\"https:\/\/leslocales.fr\/wp-content\/uploads\/2024\/10\/Les-radios-associatives-Infographie.mp4\"><\/video><\/figure>\n\n\n\n<p><\/p>\n","protected":false},"excerpt":{"rendered":"<p>Une radio associative est une station de radio \u00e0 but non lucratif, r\u00e9gie par la loi de 1901. Leur statut<\/p>\n","protected":false},"author":1,"featured_media":0,"parent":0,"menu_order":0,"comment_status":"closed","ping_status":"closed","template":"","meta":{"colormag_page_container_layout":"default_layout","colormag_page_sidebar_layout":"default_layout","footnotes":""},"class_list":["post-31","page","type-page","status-publish","hentry"],"_links":{"self":[{"href":"https:\/\/leslocales.fr\/index.php\/wp-json\/wp\/v2\/pages\/31","targetHints":{"allow":["GET"]}}],"collection":[{"href":"https:\/\/leslocales.fr\/index.php\/wp-json\/wp\/v2\/pages"}],"about":[{"href":"https:\/\/leslocales.fr\/index.php\/wp-json\/wp\/v2\/types\/page"}],"author":[{"embeddable":true,"href":"https:\/\/leslocales.fr\/index.php\/wp-json\/wp\/v2\/users\/1"}],"replies":[{"embeddable":true,"href":"https:\/\/leslocales.fr\/index.php\/wp-json\/wp\/v2\/comments?post=31"}],"version-history":[{"count":3,"href":"https:\/\/leslocales.fr\/index.php\/wp-json\/wp\/v2\/pages\/31\/revisions"}],"predecessor-version":[{"id":56,"href":"https:\/\/leslocales.fr\/index.php\/wp-json\/wp\/v2\/pages\/31\/revisions\/56"}],"wp:attachment":[{"href":"https:\/\/leslocales.fr\/index.php\/wp-json\/wp\/v2\/media?parent=31"}],"curies":[{"name":"wp","href":"https:\/\/api.w.org\/{rel}","templated":true}]}}