{"id":140,"date":"2024-10-30T19:34:11","date_gmt":"2024-10-30T18:34:11","guid":{"rendered":"http:\/\/leslocales.fr\/?page_id=140"},"modified":"2024-10-30T19:55:17","modified_gmt":"2024-10-30T18:55:17","slug":"contacts","status":"publish","type":"page","link":"https:\/\/leslocales.fr\/index.php\/contacts\/","title":{"rendered":"Contacts"},"content":{"rendered":"\n<p><strong>Les Locales<\/strong><\/p>\n\n\n\n<p>Co-Pr\u00e9sidence : Jean-Marc COURREGES-CENAC (CNRA) et Sylvain DELFAU (SNRL)<\/p>\n\n\n\n<p>Equipe technique : Christophe BETBEDER (D\u00e9l\u00e9gu\u00e9 g\u00e9n\u00e9ral SNRL) et Maxime BROUSSE (Animateur conf\u00e9d\u00e9ral CNRA)<\/p>\n\n\n<div class=\"everest-forms\"><div class=\"evf-container default\" id=\"evf-142\"><form id=\"evf-form-142\" class=\"everest-form\" data-formid=\"142\" data-ajax_submission=\"0\" data-keyboard_friendly_form=\"0\" data-form_state_type=\"\" method=\"post\" enctype=\"multipart\/form-data\" action=\"\/index.php\/wp-json\/wp\/v2\/pages\/140\"><div class=\"evf-field-container\"><input type=\"hidden\" id=\"_wpnonce142\" name=\"_wpnonce142\" value=\"d5154450bc\" \/><input type=\"hidden\" name=\"_wp_http_referer\" value=\"\/index.php\/wp-json\/wp\/v2\/pages\/140\" \/><div class=\"evf-frontend-row\" data-row=\"row_1\" conditional_rules=\"[]\"><div class=\"evf-frontend-grid evf-grid-1\" data-grid=\"grid_1\"><div id=\"evf-142-field_ys0GeZISRs-1-container\" class=\"evf-field evf-field-first-name form-row validate-required\" data-required-field-message=\"Ce champ est n\u00e9cessaire.\" data-field-id=\"ys0GeZISRs-1\"><label class=\"evf-field-label\" for=\"evf-142-field_ys0GeZISRs-1\"><span class=\"evf-label\">Nom<\/span> <abbr class=\"required\" title=\"N\u00e9cessaire\">*<\/abbr><\/label><input type=\"text\" id=\"evf-142-field_ys0GeZISRs-1\" class=\"input-text\" name=\"everest_forms[form_fields][ys0GeZISRs-1]\" required><\/div><div id=\"evf-142-field_LbH5NxasXM-2-container\" class=\"evf-field evf-field-email form-row validate-required validate-email\" data-required-field-message=\"Veuillez entrer une adresse e-mail valide.\" data-field-id=\"LbH5NxasXM-2\"><label class=\"evf-field-label\" for=\"evf-142-field_LbH5NxasXM-2\"><span class=\"evf-label\">Email<\/span> <abbr class=\"required\" title=\"N\u00e9cessaire\">*<\/abbr><\/label><input type=\"email\" id=\"evf-142-field_LbH5NxasXM-2\" class=\"input-text\" name=\"everest_forms[form_fields][LbH5NxasXM-2]\" required ><\/div><div id=\"evf-142-field_66FR384cge-3-container\" class=\"evf-field evf-field-text form-row\" data-field-id=\"66FR384cge-3\"><label class=\"evf-field-label\" for=\"evf-142-field_66FR384cge-3\"><span class=\"evf-label\">Objet<\/span> <\/label><input type=\"text\" id=\"evf-142-field_66FR384cge-3\" class=\"input-text\" name=\"everest_forms[form_fields][66FR384cge-3]\" ><\/div><div id=\"evf-142-field_yhGx3FOwr2-4-container\" class=\"evf-field evf-field-textarea form-row\" data-field-id=\"yhGx3FOwr2-4\"><label class=\"evf-field-label\" for=\"evf-142-field_yhGx3FOwr2-4\"><span class=\"evf-label\">Message<\/span> <\/label><textarea id=\"evf-142-field_yhGx3FOwr2-4\" class=\"input-text\" name=\"everest_forms[form_fields][yhGx3FOwr2-4]\"  ><\/textarea><\/div><div id=\"evf-142-field_dunEeo160W-5-container\" class=\"evf-field evf-field-recaptcha form-row\" data-field-id=\"dunEeo160W-5\"><label class=\"evf-field-label\" for=\"evf-142-field_dunEeo160W-5\"><span class=\"evf-label\">reCaptcha<\/span> <\/label><div class=\"evf-recaptcha-container recaptcha-hidden\" style=\"display:block\"><input type=\"hidden\" name=\"everest_forms[recaptcha]\" value=\"\"><\/div><\/div><\/div><\/div><\/div><div class=\"evf-honeypot-container evf-field-hp\"><label for=\"evf-142-field-hp\" class=\"evf-field-label\">Phone<\/label><input type=\"text\" name=\"everest_forms[hp]\" id=\"evf-142-field-hp\" class=\"input-text\"><\/div><div class=\"evf-submit-container \" ><input type=\"hidden\" name=\"everest_forms[id]\" value=\"142\"><input type=\"hidden\" name=\"everest_forms[author]\" value=\"1\"><button type='submit' name='everest_forms[submit]' class='everest-forms-submit-button button evf-submit ' id='evf-submit-142' value='evf-submit' data-process-text=\"Envoi en cours...\" conditional_rules='&quot;&quot;' conditional_id='evf-submit-142'  id=\"evf-submit-142\" aria-live=\"assertive\">Envoyer<\/button><\/div><\/form><\/div><!-- .evf-container --><\/div>","protected":false},"excerpt":{"rendered":"<p>Les Locales Co-Pr\u00e9sidence : Jean-Marc COURREGES-CENAC (CNRA) et Sylvain DELFAU (SNRL) Equipe technique : Christophe BETBEDER (D\u00e9l\u00e9gu\u00e9 g\u00e9n\u00e9ral SNRL) et<\/p>\n","protected":false},"author":1,"featured_media":0,"parent":0,"menu_order":0,"comment_status":"closed","ping_status":"closed","template":"","meta":{"colormag_page_container_layout":"default_layout","colormag_page_sidebar_layout":"default_layout","footnotes":""},"class_list":["post-140","page","type-page","status-publish","hentry"],"_links":{"self":[{"href":"https:\/\/leslocales.fr\/index.php\/wp-json\/wp\/v2\/pages\/140","targetHints":{"allow":["GET"]}}],"collection":[{"href":"https:\/\/leslocales.fr\/index.php\/wp-json\/wp\/v2\/pages"}],"about":[{"href":"https:\/\/leslocales.fr\/index.php\/wp-json\/wp\/v2\/types\/page"}],"author":[{"embeddable":true,"href":"https:\/\/leslocales.fr\/index.php\/wp-json\/wp\/v2\/users\/1"}],"replies":[{"embeddable":true,"href":"https:\/\/leslocales.fr\/index.php\/wp-json\/wp\/v2\/comments?post=140"}],"version-history":[{"count":2,"href":"https:\/\/leslocales.fr\/index.php\/wp-json\/wp\/v2\/pages\/140\/revisions"}],"predecessor-version":[{"id":144,"href":"https:\/\/leslocales.fr\/index.php\/wp-json\/wp\/v2\/pages\/140\/revisions\/144"}],"wp:attachment":[{"href":"https:\/\/leslocales.fr\/index.php\/wp-json\/wp\/v2\/media?parent=140"}],"curies":[{"name":"wp","href":"https:\/\/api.w.org\/{rel}","templated":true}]}}